{"id":1110,"date":"2023-10-11T03:37:02","date_gmt":"2023-10-11T03:37:02","guid":{"rendered":"https:\/\/biergarten-montaudran.fr\/?page_id=1110"},"modified":"2026-03-30T17:26:27","modified_gmt":"2026-03-30T15:26:27","slug":"la-carte","status":"publish","type":"page","link":"https:\/\/biergarten-montaudran.fr\/?page_id=1110","title":{"rendered":"La carte"},"content":{"rendered":"\t\t<div data-elementor-type=\"wp-page\" data-elementor-id=\"1110\" class=\"elementor elementor-1110\" data-elementor-post-type=\"page\">\n\t\t\t\t<div class=\"elementor-element elementor-element-7739cfa e-flex e-con-boxed e-con e-parent\" data-id=\"7739cfa\" data-element_type=\"container\" data-e-type=\"container\" data-settings=\"{&quot;background_background&quot;:&quot;classic&quot;}\">\n\t\t\t\t\t<div class=\"e-con-inner\">\n\t\t<div class=\"elementor-element elementor-element-11b62eb e-flex e-con-boxed elementor-invisible e-con e-child\" data-id=\"11b62eb\" data-element_type=\"container\" data-e-type=\"container\" data-settings=\"{&quot;animation&quot;:&quot;fadeIn&quot;,&quot;animation_delay&quot;:200}\">\n\t\t\t\t\t<div class=\"e-con-inner\">\n\t\t\t\t<div class=\"elementor-element elementor-element-25d2ce8 elementor-widget elementor-widget-heading\" data-id=\"25d2ce8\" data-element_type=\"widget\" data-e-type=\"widget\" data-widget_type=\"heading.default\">\n\t\t\t\t<div class=\"elementor-widget-container\">\n\t\t\t\t\t<h2 class=\"elementor-heading-title elementor-size-default\">La carte<\/h2>\t\t\t\t<\/div>\n\t\t\t\t<\/div>\n\t\t\t\t<div class=\"elementor-element elementor-element-81afd56 elementor-widget elementor-widget-text-editor\" data-id=\"81afd56\" data-element_type=\"widget\" data-e-type=\"widget\" data-widget_type=\"text-editor.default\">\n\t\t\t\t<div class=\"elementor-widget-container\">\n\t\t\t\t\t\t\t\t\t<p>Les cartes sont en \u00e9laboration et seront publi\u00e9es prochainement<\/p>\t\t\t\t\t\t\t\t<\/div>\n\t\t\t\t<\/div>\n\t\t\t\t<div class=\"elementor-element elementor-element-85c7e42 elementor-widget__width-initial elementor-widget elementor-widget-html\" data-id=\"85c7e42\" data-element_type=\"widget\" data-e-type=\"widget\" data-widget_type=\"html.default\">\n\t\t\t\t<div class=\"elementor-widget-container\">\n\t\t\t\t\t<div style=\"position: relative; width: 100%; height: 0; padding-top: 177.7778%;\n padding-bottom: 0; box-shadow: 0 2px 8px 0 rgba(63,69,81,0.16); margin-top: 1.6em; margin-bottom: 0.9em; overflow: hidden;\n border-radius: 8px; will-change: transform;\">\n  <iframe loading=\"lazy\" style=\"position: absolute; width: 100%; height: 100%; top: 0; left: 0; border: none; padding: 0;margin: 0;\"\n    src=\"https:\/\/www.canva.com\/design\/DAFlcHhGvMM\/2bu2_a_UX5D9IJJUEKDLIQ\/watch?embed\" allowfullscreen=\"allowfullscreen\" allow=\"fullscreen\">\n  <\/iframe>\n<\/div>\n<a href=\"https:&#x2F;&#x2F;www.canva.com&#x2F;design&#x2F;DAFlcHhGvMM&#x2F;2bu2_a_UX5D9IJJUEKDLIQ&#x2F;watch?utm_content=DAFlcHhGvMM&amp;utm_campaign=designshare&amp;utm_medium=embeds&amp;utm_source=link\" target=\"_blank\" rel=\"noopener\">Menu du jour BBR- 2026<\/a> \t\t\t\t<\/div>\n\t\t\t\t<\/div>\n\t\t\t\t<div class=\"elementor-element elementor-element-d8cb6ef elementor-hidden-desktop elementor-hidden-tablet elementor-widget elementor-widget-button\" data-id=\"d8cb6ef\" data-element_type=\"widget\" data-e-type=\"widget\" data-widget_type=\"button.default\">\n\t\t\t\t<div class=\"elementor-widget-container\">\n\t\t\t\t\t\t\t\t\t<div class=\"elementor-button-wrapper\">\n\t\t\t\t\t<a class=\"elementor-button elementor-button-link elementor-size-sm\" href=\"#elementor-action%3Aaction%3Dpopup%3Aopen%26settings%3DeyJpZCI6IjE0NjYiLCJ0b2dnbGUiOmZhbHNlfQ%3D%3D\">\n\t\t\t\t\t\t<span class=\"elementor-button-content-wrapper\">\n\t\t\t\t\t\t<span class=\"elementor-button-icon\">\n\t\t\t\t<i aria-hidden=\"true\" class=\"far fa-calendar-alt\"><\/i>\t\t\t<\/span>\n\t\t\t\t\t\t\t\t\t<span class=\"elementor-button-text\">R\u00e9server une table<\/span>\n\t\t\t\t\t<\/span>\n\t\t\t\t\t<\/a>\n\t\t\t\t<\/div>\n\t\t\t\t\t\t\t\t<\/div>\n\t\t\t\t<\/div>\n\t\t<div class=\"elementor-element elementor-element-e57cf46 e-con-full e-flex e-con e-child\" data-id=\"e57cf46\" data-element_type=\"container\" data-e-type=\"container\">\n\t\t\t\t<div class=\"elementor-element elementor-element-2110b59 elementor-widget elementor-widget-image\" data-id=\"2110b59\" data-element_type=\"widget\" data-e-type=\"widget\" data-widget_type=\"image.default\">\n\t\t\t\t<div class=\"elementor-widget-container\">\n\t\t\t\t\t\t\t\t\t\t\t\t\t\t\t<img fetchpriority=\"high\" decoding=\"async\" width=\"1241\" height=\"1755\" src=\"https:\/\/biergarten-montaudran.fr\/wp-content\/uploads\/2026\/03\/carte-tapas-hiver_page-0002.jpg\" class=\"attachment-full size-full wp-image-1828\" alt=\"\" srcset=\"https:\/\/biergarten-montaudran.fr\/wp-content\/uploads\/2026\/03\/carte-tapas-hiver_page-0002.jpg 1241w, https:\/\/biergarten-montaudran.fr\/wp-content\/uploads\/2026\/03\/carte-tapas-hiver_page-0002-212x300.jpg 212w, https:\/\/biergarten-montaudran.fr\/wp-content\/uploads\/2026\/03\/carte-tapas-hiver_page-0002-724x1024.jpg 724w, https:\/\/biergarten-montaudran.fr\/wp-content\/uploads\/2026\/03\/carte-tapas-hiver_page-0002-768x1086.jpg 768w, https:\/\/biergarten-montaudran.fr\/wp-content\/uploads\/2026\/03\/carte-tapas-hiver_page-0002-1086x1536.jpg 1086w\" sizes=\"(max-width: 1241px) 100vw, 1241px\" \/>\t\t\t\t\t\t\t\t\t\t\t\t\t\t\t<\/div>\n\t\t\t\t<\/div>\n\t\t\t\t<div class=\"elementor-element elementor-element-09d3448 elementor-widget elementor-widget-image\" data-id=\"09d3448\" data-element_type=\"widget\" data-e-type=\"widget\" data-widget_type=\"image.default\">\n\t\t\t\t<div class=\"elementor-widget-container\">\n\t\t\t\t\t\t\t\t\t\t\t\t\t\t\t<img decoding=\"async\" width=\"1241\" height=\"1755\" src=\"https:\/\/biergarten-montaudran.fr\/wp-content\/uploads\/2026\/03\/carte-tapas-hiver_page-0001.jpg\" class=\"attachment-full size-full wp-image-1827\" alt=\"\" srcset=\"https:\/\/biergarten-montaudran.fr\/wp-content\/uploads\/2026\/03\/carte-tapas-hiver_page-0001.jpg 1241w, https:\/\/biergarten-montaudran.fr\/wp-content\/uploads\/2026\/03\/carte-tapas-hiver_page-0001-212x300.jpg 212w, https:\/\/biergarten-montaudran.fr\/wp-content\/uploads\/2026\/03\/carte-tapas-hiver_page-0001-724x1024.jpg 724w, https:\/\/biergarten-montaudran.fr\/wp-content\/uploads\/2026\/03\/carte-tapas-hiver_page-0001-768x1086.jpg 768w, https:\/\/biergarten-montaudran.fr\/wp-content\/uploads\/2026\/03\/carte-tapas-hiver_page-0001-1086x1536.jpg 1086w\" sizes=\"(max-width: 1241px) 100vw, 1241px\" \/>\t\t\t\t\t\t\t\t\t\t\t\t\t\t\t<\/div>\n\t\t\t\t<\/div>\n\t\t\t\t<\/div>\n\t\t\t\t\t<\/div>\n\t\t\t\t<\/div>\n\t\t\t\t\t<\/div>\n\t\t\t\t<\/div>\n\t\t\t\t<\/div>\n\t\t","protected":false},"excerpt":{"rendered":"<p>La carte Les cartes sont en \u00e9laboration et seront publi\u00e9es prochainement Menu du jour BBR- 2026 R\u00e9server une table<\/p>\n","protected":false},"author":1,"featured_media":0,"parent":0,"menu_order":0,"comment_status":"closed","ping_status":"closed","template":"elementor_header_footer","meta":{"footnotes":""},"class_list":["post-1110","page","type-page","status-publish","hentry"],"_links":{"self":[{"href":"https:\/\/biergarten-montaudran.fr\/index.php?rest_route=\/wp\/v2\/pages\/1110","targetHints":{"allow":["GET"]}}],"collection":[{"href":"https:\/\/biergarten-montaudran.fr\/index.php?rest_route=\/wp\/v2\/pages"}],"about":[{"href":"https:\/\/biergarten-montaudran.fr\/index.php?rest_route=\/wp\/v2\/types\/page"}],"author":[{"embeddable":true,"href":"https:\/\/biergarten-montaudran.fr\/index.php?rest_route=\/wp\/v2\/users\/1"}],"replies":[{"embeddable":true,"href":"https:\/\/biergarten-montaudran.fr\/index.php?rest_route=%2Fwp%2Fv2%2Fcomments&post=1110"}],"version-history":[{"count":32,"href":"https:\/\/biergarten-montaudran.fr\/index.php?rest_route=\/wp\/v2\/pages\/1110\/revisions"}],"predecessor-version":[{"id":1832,"href":"https:\/\/biergarten-montaudran.fr\/index.php?rest_route=\/wp\/v2\/pages\/1110\/revisions\/1832"}],"wp:attachment":[{"href":"https:\/\/biergarten-montaudran.fr\/index.php?rest_route=%2Fwp%2Fv2%2Fmedia&parent=1110"}],"curies":[{"name":"wp","href":"https:\/\/api.w.org\/{rel}","templated":true}]}}